{"id":9,"date":"2018-12-12T01:34:08","date_gmt":"2018-12-12T01:34:08","guid":{"rendered":"http:\/\/networkinfo.com.br\/?page_id=9"},"modified":"2022-01-30T00:50:20","modified_gmt":"2022-01-30T00:50:20","slug":"pagina-inicial","status":"publish","type":"page","link":"https:\/\/networkinfo.com.br\/index.php\/pagina-inicial\/","title":{"rendered":"P\u00e1gina Inicial"},"content":{"rendered":"<p>[et_pb_section fb_built=&#8221;1&#8243; fullwidth=&#8221;on&#8221; module_id=&#8221;home&#8221; _builder_version=&#8221;3.5.1&#8243; custom_padding=&#8221;1px|0px|1px|0px|false|false&#8221;][et_pb_fullwidth_slider show_arrows=&#8221;off&#8221; show_pagination=&#8221;off&#8221; admin_label=&#8221;Bot\u00e3o Deslizante de Largura Completa&#8221; _builder_version=&#8221;3.5.1&#8243; border_width_all=&#8221;3px&#8221; border_color_all=&#8221;#ffffff&#8221; custom_button=&#8221;on&#8221; button_bg_color=&#8221;rgba(9,47,153,0.5)&#8221; button_border_width=&#8221;0px&#8221; button_border_color=&#8221;#0c71c3&#8243; button_border_radius=&#8221;12px&#8221; button_font=&#8221;||||||||&#8221; button_icon=&#8221;%%45%%&#8221; button_letter_spacing_hover=&#8221;0px&#8221; auto=&#8221;on&#8221; auto_speed=&#8221;5000&#8243; auto_ignore_hover=&#8221;on&#8221;][et_pb_slide button_link=&#8221;#h26sjpq1gn4i1c8mdqaaj72r19r9bfd&#8221; _builder_version=&#8221;3.5.1&#8243; background_color=&#8221;#ffffff&#8221; background_image=&#8221;https:\/\/networkinfo.com.br\/wp-content\/uploads\/2018\/12\/logo.jpg&#8221; background_size=&#8221;contain&#8221;]<\/p>\n<p>&nbsp;<\/p>\n<p>&nbsp;<\/p>\n<p>&nbsp;<\/p>\n<p>&nbsp;<\/p>\n<p>&nbsp;<\/p>\n<p>[\/et_pb_slide][et_pb_slide button_link=&#8221;#h26sjpq1gn4i1c8mdqaaj72r19r9bfd&#8221; _builder_version=&#8221;3.5.1&#8243; background_color=&#8221;#ffffff&#8221; background_image=&#8221;https:\/\/networkinfo.com.br\/wp-content\/uploads\/2018\/12\/sld7.jpeg&#8221; background_size=&#8221;contain&#8221;]<\/p>\n<p>&nbsp;<\/p>\n<p>&nbsp;<\/p>\n<p>&nbsp;<\/p>\n<p>&nbsp;<\/p>\n<p>&nbsp;<\/p>\n<p>[\/et_pb_slide][et_pb_slide button_link=&#8221;#h26sjpq1gn4i1c8mdqaaj72r19r9bfd&#8221; _builder_version=&#8221;3.5.1&#8243; background_color=&#8221;#ffffff&#8221; background_image=&#8221;https:\/\/networkinfo.com.br\/wp-content\/uploads\/2018\/12\/sld1.jpeg&#8221; background_size=&#8221;contain&#8221;]<\/p>\n<p>&nbsp;<\/p>\n<p>&nbsp;<\/p>\n<p>&nbsp;<\/p>\n<p>&nbsp;<\/p>\n<p>&nbsp;<\/p>\n<p>[\/et_pb_slide][et_pb_slide button_link=&#8221;#h26sjpq1gn4i1c8mdqaaj72r19r9bfd&#8221; _builder_version=&#8221;3.5.1&#8243; background_color=&#8221;#ffffff&#8221; background_image=&#8221;https:\/\/networkinfo.com.br\/wp-content\/uploads\/2018\/12\/sld3.jpeg&#8221; background_size=&#8221;contain&#8221;]<\/p>\n<p>&nbsp;<\/p>\n<p>&nbsp;<\/p>\n<p>&nbsp;<\/p>\n<p>&nbsp;<\/p>\n<p>&nbsp;<\/p>\n<p>[\/et_pb_slide][et_pb_slide button_link=&#8221;#h26sjpq1gn4i1c8mdqaaj72r19r9bfd&#8221; _builder_version=&#8221;3.5.1&#8243; background_color=&#8221;#ffffff&#8221; background_image=&#8221;https:\/\/networkinfo.com.br\/wp-content\/uploads\/2018\/12\/sld4-1.jpeg&#8221; background_size=&#8221;contain&#8221;]<\/p>\n<p>&nbsp;<\/p>\n<p>&nbsp;<\/p>\n<p>&nbsp;<\/p>\n<p>&nbsp;<\/p>\n<p>&nbsp;<\/p>\n<p>[\/et_pb_slide][et_pb_slide button_link=&#8221;#h26sjpq1gn4i1c8mdqaaj72r19r9bfd&#8221; _builder_version=&#8221;3.5.1&#8243; background_color=&#8221;#ffffff&#8221; background_image=&#8221;https:\/\/networkinfo.com.br\/wp-content\/uploads\/2018\/12\/sld6.jpeg&#8221; background_size=&#8221;contain&#8221;]<\/p>\n<p>&nbsp;<\/p>\n<p>&nbsp;<\/p>\n<p>&nbsp;<\/p>\n<p>&nbsp;<\/p>\n<p>&nbsp;<\/p>\n<p>[\/et_pb_slide][\/et_pb_fullwidth_slider][\/et_pb_section][et_pb_section fb_built=&#8221;1&#8243; admin_label=&#8221;section&#8221; _builder_version=&#8221;3.5.1&#8243; custom_padding=&#8221;21px|0px|21px|0px|false|false&#8221;][et_pb_row custom_padding=&#8221;0|0px|0|0px|false|false&#8221; _builder_version=&#8221;3.5.1&#8243;][et_pb_column type=&#8221;4_4&#8243; _builder_version=&#8221;3.5.1&#8243; parallax=&#8221;off&#8221; parallax_method=&#8221;on&#8221;][et_pb_text _builder_version=&#8221;3.5.1&#8243;]<\/p>\n<h1 style=\"text-align: center;\"><span style=\"font-size: x-large;\"><strong><span style=\"color: #000080;\">ESCOLHA SEU PLANO:<br \/><\/span><\/strong><\/span><\/h1>\n<p>[\/et_pb_text][et_pb_image src=&#8221;https:\/\/networkinfo.com.br\/wp-content\/uploads\/2021\/02\/planos.jpg&#8221; align=&#8221;center&#8221; _builder_version=&#8221;3.5.1&#8243;][\/et_pb_image][et_pb_text _builder_version=&#8221;3.5.1&#8243;]<\/p>\n<div class=\"et_pb_module et_pb_text et_pb_text_1 et_pb_bg_layout_light  et_pb_text_align_left\">\n<div class=\"et_pb_text_inner\">\n<p style=\"text-align: justify;\"><span style=\"color: #000000;\">Como j\u00e1 atuamos na presta\u00e7\u00e3o de servi\u00e7o em tecnologia vimos a necessidade em prestar um servi\u00e7o diferenciado para a regi\u00e3o, ent\u00e3o nos lan\u00e7amos no mercado de Internet Fibra \u00d3tica, oferecendo como diferencial a qualidade no atendimento.<\/span><\/p>\n<p style=\"text-align: justify;\"><span style=\"color: #000000;\">Utilizamos tecnologia de ponta, e principalmente, aten\u00e7\u00e3o e respeito com nossos clientes, parceiros e colaboradores<\/span><br \/> <span style=\"color: #000000;\"> Se voc\u00ea ou sua empresa est\u00e3o em busca de uma prestadora de servi\u00e7os de INTERNET com qualidade comprovada e atestada por seus clientes, n\u00e3o precisa mais procurar. Nossos vendedores s\u00e3o os nossos clientes, que diariamente nos indicam.<\/span><\/p>\n<\/div>\n<\/div>\n<p>[\/et_pb_text][\/et_pb_column][\/et_pb_row][\/et_pb_section][et_pb_section fb_built=&#8221;1&#8243; module_id=&#8221;contato&#8221; _builder_version=&#8221;3.5.1&#8243; custom_margin=&#8221;|||&#8221; custom_padding=&#8221;21px||21px||false|false&#8221;][et_pb_row custom_padding=&#8221;0|0px|0|0px|false|false&#8221; _builder_version=&#8221;3.5.1&#8243;][et_pb_column type=&#8221;4_4&#8243; _builder_version=&#8221;3.5.1&#8243; parallax=&#8221;off&#8221; parallax_method=&#8221;on&#8221;][et_pb_text _builder_version=&#8221;3.5.1&#8243;]<\/p>\n<h1 style=\"text-align: center;\"><strong><span style=\"color: #000080;\">Contato:<\/span><\/strong><\/h1>\n<p>[\/et_pb_text][\/et_pb_column][\/et_pb_row][et_pb_row custom_padding=&#8221;18px|0px|24px|0px|false|false&#8221; _builder_version=&#8221;3.5.1&#8243;][et_pb_column type=&#8221;1_3&#8243; _builder_version=&#8221;3.5.1&#8243; parallax=&#8221;off&#8221; parallax_method=&#8221;on&#8221;][et_pb_contact_form email=&#8221;internet@networkinfo.com.br&#8221; title=&#8221;Envie sua mensagem:&#8221; custom_message=&#8221;Nome: %%Name%%||et_pb_line_break_holder||Telefone: %%Telefone%%||et_pb_line_break_holder||E-mail: %%Email%%||et_pb_line_break_holder||Mensagem: %%Message%%&#8221; success_message=&#8221;Sua mensagem foi enviada com sucesso. Logo entraremos em contato.&#8221; module_id=&#8221;et_pb_contact_form_0&#8243; _builder_version=&#8221;3.5.1&#8243; title_font=&#8221;||||||||&#8221; custom_button=&#8221;on&#8221; button_text_color=&#8221;#333399&#8243; button_border_color=&#8221;#333399&#8243; button_border_radius=&#8221;18px&#8221; button_font=&#8221;||||||||&#8221;][et_pb_contact_field field_id=&#8221;Name&#8221; field_title=&#8221;Nome&#8221; _builder_version=&#8221;3.5.1&#8243; border_radii=&#8221;on||||&#8221;][\/et_pb_contact_field][et_pb_contact_field field_id=&#8221;Telefone&#8221; field_title=&#8221;Telefone&#8221; _builder_version=&#8221;3.5.1&#8243; border_radii=&#8221;on||||&#8221;][\/et_pb_contact_field][et_pb_contact_field field_id=&#8221;Email&#8221; field_title=&#8221;E-mail&#8221; field_type=&#8221;email&#8221; fullwidth_field=&#8221;on&#8221; _builder_version=&#8221;3.5.1&#8243; border_radii=&#8221;on||||&#8221;][\/et_pb_contact_field][et_pb_contact_field field_id=&#8221;Message&#8221; field_title=&#8221;Mensagem&#8221; field_type=&#8221;text&#8221; fullwidth_field=&#8221;on&#8221; _builder_version=&#8221;3.5.1&#8243; border_radii=&#8221;on||||&#8221;][\/et_pb_contact_field][\/et_pb_contact_form][\/et_pb_column][et_pb_column type=&#8221;1_3&#8243; _builder_version=&#8221;3.5.1&#8243; parallax=&#8221;off&#8221; parallax_method=&#8221;on&#8221;][et_pb_text _builder_version=&#8221;3.5.1&#8243;]<\/p>\n<p><span style=\"color: #333399;\"><strong><\/strong><\/span><span style=\"color: #333399;\"><strong>Ende<\/strong><\/span><span style=\"color: #333399;\"><strong>re\u00e7<\/strong><\/span><span style=\"color: #333399;\"><strong>o:<\/strong><\/span><br \/> Rua Cel. Marcos Rovaris, n\u00ba 92<br \/> Centro, I\u00e7ara \u2013 SC<br \/> CEP: 88820-000<\/p>\n<p><strong><span style=\"color: #333399;\">Telefone para Contato:<\/span><\/strong><\/p>\n<p>(48)3045-0495<br \/> (48)99671-9515<\/p>\n<p><span style=\"color: #333399;\"><strong>Email:<\/strong><\/span><br \/> internet@networkinfo.com.br<\/p>\n<p><span style=\"color: #333399;\"><strong>Hor\u00e1rio de funcionamento:<\/strong><\/span><br \/> De segunda a sexta das 08:00 as 18:00<br \/> S\u00e1bados de 08:30 as 11:30<\/p>\n<p>[\/et_pb_text][\/et_pb_column][et_pb_column type=&#8221;1_3&#8243; _builder_version=&#8221;3.5.1&#8243; parallax=&#8221;off&#8221; parallax_method=&#8221;on&#8221;][et_pb_text _builder_version=&#8221;3.5.1&#8243;]<\/p>\n<h4 style=\"text-align: center;\"><span style=\"color: #000080;\"><strong>Gere a 2\u00aa via do seu Boleto<\/strong><\/span><\/h4>\n<p>[\/et_pb_text][et_pb_image src=&#8221;https:\/\/networkinfo.com.br\/wp-content\/uploads\/2019\/09\/acentra.png&#8221; url=&#8221;https:\/\/www.acentra.coop.br\/segunda-via-de-boletos&#8221; align=&#8221;center&#8221; _builder_version=&#8221;3.5.1&#8243;][\/et_pb_image][\/et_pb_column][\/et_pb_row][\/et_pb_section]<\/p>\n","protected":false},"excerpt":{"rendered":"<p>[et_pb_section fb_built=&#8221;1&#8243; fullwidth=&#8221;on&#8221; module_id=&#8221;home&#8221; _builder_version=&#8221;3.5.1&#8243; custom_padding=&#8221;1px|0px|1px|0px|false|false&#8221;][et_pb_fullwidth_slider show_arrows=&#8221;off&#8221; show_pagination=&#8221;off&#8221; admin_label=&#8221;Bot\u00e3o Deslizante de Largura Completa&#8221; _builder_version=&#8221;3.5.1&#8243; border_width_all=&#8221;3px&#8221; border_color_all=&#8221;#ffffff&#8221; custom_button=&#8221;on&#8221; button_bg_color=&#8221;rgba(9,47,153,0.5)&#8221; button_border_width=&#8221;0px&#8221; button_border_color=&#8221;#0c71c3&#8243; button_border_radius=&#8221;12px&#8221; button_font=&#8221;||||||||&#8221; button_icon=&#8221;%%45%%&#8221; button_letter_spacing_hover=&#8221;0px&#8221; auto=&#8221;on&#8221; auto_speed=&#8221;5000&#8243; auto_ignore_hover=&#8221;on&#8221;][et_pb_slide button_link=&#8221;#h26sjpq1gn4i1c8mdqaaj72r19r9bfd&#8221; _builder_version=&#8221;3.5.1&#8243; background_color=&#8221;#ffffff&#8221; background_image=&#8221;https:\/\/networkinfo.com.br\/wp-content\/uploads\/2018\/12\/logo.jpg&#8221; background_size=&#8221;contain&#8221;] &nbsp; &nbsp; &nbsp; &nbsp; &nbsp; [\/et_pb_slide][et_pb_slide button_link=&#8221;#h26sjpq1gn4i1c8mdqaaj72r19r9bfd&#8221; _builder_version=&#8221;3.5.1&#8243; background_color=&#8221;#ffffff&#8221; background_image=&#8221;https:\/\/networkinfo.com.br\/wp-content\/uploads\/2018\/12\/sld7.jpeg&#8221; background_size=&#8221;contain&#8221;] &nbsp; &nbsp; &nbsp; &nbsp; &nbsp; [\/et_pb_slide][et_pb_slide button_link=&#8221;#h26sjpq1gn4i1c8mdqaaj72r19r9bfd&#8221; _builder_version=&#8221;3.5.1&#8243; background_color=&#8221;#ffffff&#8221; background_image=&#8221;https:\/\/networkinfo.com.br\/wp-content\/uploads\/2018\/12\/sld1.jpeg&#8221; background_size=&#8221;contain&#8221;] &nbsp; [&hellip;]<\/p>\n","protected":false},"author":1,"featured_media":0,"parent":0,"menu_order":0,"comment_status":"closed","ping_status":"closed","template":"","meta":{"footnotes":""},"class_list":["post-9","page","type-page","status-publish","hentry"],"_links":{"self":[{"href":"https:\/\/networkinfo.com.br\/index.php\/wp-json\/wp\/v2\/pages\/9","targetHints":{"allow":["GET"]}}],"collection":[{"href":"https:\/\/networkinfo.com.br\/index.php\/wp-json\/wp\/v2\/pages"}],"about":[{"href":"https:\/\/networkinfo.com.br\/index.php\/wp-json\/wp\/v2\/types\/page"}],"author":[{"embeddable":true,"href":"https:\/\/networkinfo.com.br\/index.php\/wp-json\/wp\/v2\/users\/1"}],"replies":[{"embeddable":true,"href":"https:\/\/networkinfo.com.br\/index.php\/wp-json\/wp\/v2\/comments?post=9"}],"version-history":[{"count":44,"href":"https:\/\/networkinfo.com.br\/index.php\/wp-json\/wp\/v2\/pages\/9\/revisions"}],"predecessor-version":[{"id":537,"href":"https:\/\/networkinfo.com.br\/index.php\/wp-json\/wp\/v2\/pages\/9\/revisions\/537"}],"wp:attachment":[{"href":"https:\/\/networkinfo.com.br\/index.php\/wp-json\/wp\/v2\/media?parent=9"}],"curies":[{"name":"wp","href":"https:\/\/api.w.org\/{rel}","templated":true}]}}