{"id":15,"date":"2018-12-12T01:34:59","date_gmt":"2018-12-12T01:34:59","guid":{"rendered":"http:\/\/networkinfo.com.br\/?page_id=15"},"modified":"2022-01-30T00:50:20","modified_gmt":"2022-01-30T00:50:20","slug":"assistencia","status":"publish","type":"page","link":"https:\/\/networkinfo.com.br\/index.php\/assistencia\/","title":{"rendered":"Assist\u00eancia T\u00e9cnica"},"content":{"rendered":"<p>[et_pb_section fb_built=&#8221;1&#8243; _builder_version=&#8221;3.5.1&#8243; custom_padding=&#8221;0|0px|44.4px|0px|false|false&#8221;][et_pb_row _builder_version=&#8221;3.5.1&#8243;][et_pb_column type=&#8221;4_4&#8243; _builder_version=&#8221;3.5.1&#8243; parallax=&#8221;off&#8221; parallax_method=&#8221;on&#8221;][et_pb_text _builder_version=&#8221;3.5.1&#8243;]<\/p>\n<p style=\"text-align: center;\">Possu\u00edmos uma equipe de profissionais especializados em oferecer assist\u00eancia t\u00e9cnica de qualidade.<\/p>\n<p>[\/et_pb_text][\/et_pb_column][\/et_pb_row][et_pb_row _builder_version=&#8221;3.5.1&#8243;][et_pb_column type=&#8221;1_2&#8243; _builder_version=&#8221;3.5.1&#8243; parallax=&#8221;off&#8221; parallax_method=&#8221;on&#8221;][et_pb_text _builder_version=&#8221;3.5.1&#8243;]<\/p>\n<ul>\n<li>Montagem e manuten\u00e7\u00e3o de computadores;<\/li>\n<li>Assist\u00eancia via Acesso Remoto;<\/li>\n<li>Instala\u00e7\u00e3o e Configura\u00e7\u00e3o de Servidores;<\/li>\n<li>Instala\u00e7\u00e3o de Softwares profissionais;<\/li>\n<li>Recupera\u00e7\u00e3o de Dados;<\/li>\n<li>Restaura\u00e7\u00e3o de Sistema Operacional;<\/li>\n<\/ul>\n<p>[\/et_pb_text][\/et_pb_column][et_pb_column type=&#8221;1_2&#8243; _builder_version=&#8221;3.5.1&#8243; parallax=&#8221;off&#8221; parallax_method=&#8221;on&#8221;][et_pb_image src=&#8221;https:\/\/networkinfo.com.br\/wp-content\/uploads\/2018\/12\/suportetecnico-2.png&#8221; _builder_version=&#8221;3.5.1&#8243;][\/et_pb_image][\/et_pb_column][\/et_pb_row][\/et_pb_section]<\/p>\n","protected":false},"excerpt":{"rendered":"<p>[et_pb_section fb_built=&#8221;1&#8243; _builder_version=&#8221;3.5.1&#8243; custom_padding=&#8221;0|0px|44.4px|0px|false|false&#8221;][et_pb_row _builder_version=&#8221;3.5.1&#8243;][et_pb_column type=&#8221;4_4&#8243; _builder_version=&#8221;3.5.1&#8243; parallax=&#8221;off&#8221; parallax_method=&#8221;on&#8221;][et_pb_text _builder_version=&#8221;3.5.1&#8243;] Possu\u00edmos uma equipe de profissionais especializados em oferecer assist\u00eancia t\u00e9cnica de qualidade. [\/et_pb_text][\/et_pb_column][\/et_pb_row][et_pb_row _builder_version=&#8221;3.5.1&#8243;][et_pb_column type=&#8221;1_2&#8243; _builder_version=&#8221;3.5.1&#8243; parallax=&#8221;off&#8221; parallax_method=&#8221;on&#8221;][et_pb_text _builder_version=&#8221;3.5.1&#8243;] Montagem e manuten\u00e7\u00e3o de computadores; Assist\u00eancia via Acesso Remoto; Instala\u00e7\u00e3o e Configura\u00e7\u00e3o de Servidores; Instala\u00e7\u00e3o de Softwares profissionais; Recupera\u00e7\u00e3o de Dados; Restaura\u00e7\u00e3o de Sistema Operacional; [\/et_pb_text][\/et_pb_column][et_pb_column [&hellip;]<\/p>\n","protected":false},"author":1,"featured_media":137,"parent":0,"menu_order":0,"comment_status":"closed","ping_status":"closed","template":"","meta":{"footnotes":""},"class_list":["post-15","page","type-page","status-publish","has-post-thumbnail","hentry"],"_links":{"self":[{"href":"https:\/\/networkinfo.com.br\/index.php\/wp-json\/wp\/v2\/pages\/15","targetHints":{"allow":["GET"]}}],"collection":[{"href":"https:\/\/networkinfo.com.br\/index.php\/wp-json\/wp\/v2\/pages"}],"about":[{"href":"https:\/\/networkinfo.com.br\/index.php\/wp-json\/wp\/v2\/types\/page"}],"author":[{"embeddable":true,"href":"https:\/\/networkinfo.com.br\/index.php\/wp-json\/wp\/v2\/users\/1"}],"replies":[{"embeddable":true,"href":"https:\/\/networkinfo.com.br\/index.php\/wp-json\/wp\/v2\/comments?post=15"}],"version-history":[{"count":7,"href":"https:\/\/networkinfo.com.br\/index.php\/wp-json\/wp\/v2\/pages\/15\/revisions"}],"predecessor-version":[{"id":297,"href":"https:\/\/networkinfo.com.br\/index.php\/wp-json\/wp\/v2\/pages\/15\/revisions\/297"}],"wp:featuredmedia":[{"embeddable":true,"href":"https:\/\/networkinfo.com.br\/index.php\/wp-json\/wp\/v2\/media\/137"}],"wp:attachment":[{"href":"https:\/\/networkinfo.com.br\/index.php\/wp-json\/wp\/v2\/media?parent=15"}],"curies":[{"name":"wp","href":"https:\/\/api.w.org\/{rel}","templated":true}]}}